{"id":26,"date":"2020-01-24T06:14:52","date_gmt":"2020-01-24T05:14:52","guid":{"rendered":"https:\/\/piconsulting.se\/?page_id=26"},"modified":"2020-01-30T06:10:36","modified_gmt":"2020-01-30T05:10:36","slug":"kontakt","status":"publish","type":"page","link":"https:\/\/piconsulting.se\/?page_id=26","title":{"rendered":"Contact"},"content":{"rendered":"\n<p class=\"has-text-align-center has-large-font-size\"><strong>Contact<\/strong><\/p>\n\n\n\n<p class=\"has-text-align-center\">The easiest way to contact me is by using the contact information below.<\/p>\n\n\n\n<p class=\"has-text-align-center\"><strong>Adress:<\/strong><\/p>\n\n\n\n<p class=\"has-text-align-center\">Per Isacsson Consulting<br>H\u00e4ggv\u00e4gen 8, 247 64 Veber\u00f6d<\/p>\n\n\n\n<p class=\"has-text-align-center\"><strong>Telephone number<\/strong><\/p>\n\n\n\n<p class=\"has-text-align-center\">+46 (0)76 842 00 02<\/p>\n\n\n\n<p class=\"has-text-align-center\"><strong>e-Mail<\/strong><\/p>\n\n\n\n<p class=\"has-text-align-center\">per.isacsson(a with circle)piconsulting.se<\/p>\n","protected":false},"excerpt":{"rendered":"<p>Contact The easiest way to contact me is by using the contact information below. Adress: Per Isacsson ConsultingH\u00e4ggv\u00e4gen 8, 247 64 Veber\u00f6d Telephone number +46 (0)76 842 00 02 e-Mail per.isacsson(a with circle)piconsulting.se<\/p>\n","protected":false},"author":1,"featured_media":0,"parent":0,"menu_order":0,"comment_status":"closed","ping_status":"closed","template":"","meta":{"footnotes":""},"class_list":["post-26","page","type-page","status-publish","hentry"],"_links":{"self":[{"href":"https:\/\/piconsulting.se\/index.php?rest_route=\/wp\/v2\/pages\/26","targetHints":{"allow":["GET"]}}],"collection":[{"href":"https:\/\/piconsulting.se\/index.php?rest_route=\/wp\/v2\/pages"}],"about":[{"href":"https:\/\/piconsulting.se\/index.php?rest_route=\/wp\/v2\/types\/page"}],"author":[{"embeddable":true,"href":"https:\/\/piconsulting.se\/index.php?rest_route=\/wp\/v2\/users\/1"}],"replies":[{"embeddable":true,"href":"https:\/\/piconsulting.se\/index.php?rest_route=%2Fwp%2Fv2%2Fcomments&post=26"}],"version-history":[{"count":5,"href":"https:\/\/piconsulting.se\/index.php?rest_route=\/wp\/v2\/pages\/26\/revisions"}],"predecessor-version":[{"id":75,"href":"https:\/\/piconsulting.se\/index.php?rest_route=\/wp\/v2\/pages\/26\/revisions\/75"}],"wp:attachment":[{"href":"https:\/\/piconsulting.se\/index.php?rest_route=%2Fwp%2Fv2%2Fmedia&parent=26"}],"curies":[{"name":"wp","href":"https:\/\/api.w.org\/{rel}","templated":true}]}}