{"id":25,"date":"2020-01-24T06:14:52","date_gmt":"2020-01-24T05:14:52","guid":{"rendered":"https:\/\/piconsulting.se\/?page_id=25"},"modified":"2020-01-29T06:57:56","modified_gmt":"2020-01-29T05:57:56","slug":"om","status":"publish","type":"page","link":"https:\/\/piconsulting.se\/?page_id=25","title":{"rendered":"About me"},"content":{"rendered":"\n<p class=\"has-text-align-center has-large-font-size\"><strong>About me<\/strong><\/p>\n\n\n\n<p class=\"has-text-align-center\"><strong>PI Consulting<\/strong><\/p>\n\n\n\n<p class=\"has-text-align-center\">Summer of 2018, starting up my own business as a complement to my employment at T\u00dcV Rheinland Sweden AB. I delivers services that is not in competitions to T\u00dcV Rheinland Sweden AB<\/p>\n\n\n\n<p class=\"has-text-align-center\"><strong>Employments<\/strong><\/p>\n\n\n\n<p class=\"has-text-align-center\">2018- present T\u00dcV Rheinland Sweden AB<br><br>Lab Manager<br><\/p>\n\n\n\n<p class=\"has-text-align-center\"><strong>2011 &#8211; 2018, Rohde &amp; Schwarz<\/strong><\/p>\n\n\n\n<p class=\"has-text-align-center\">(2011-2018) Senior Expert in EMC\/Project Management, large projects and systems.<br><br>(2012-2015) Service Manager<br><\/p>\n\n\n\n<p class=\"has-text-align-center\"><strong>1997 &#8211; 2011, Ericsson Mobile Communication\/Sony Ericsson<\/strong><\/p>\n\n\n\n<p class=\"has-text-align-center\">Global Technical Manager for EMC type approval Laboratories<br><\/p>\n\n\n\n<p class=\"has-text-align-center\"><strong>1993 &#8211; 1997, Doro telefoni<\/strong><\/p>\n\n\n\n<p class=\"has-text-align-center\">R&amp;D and EMC engineer<br><\/p>\n\n\n\n<p><\/p>\n","protected":false},"excerpt":{"rendered":"<p>About me PI Consulting Summer of 2018, starting up my own business as a complement to my employment at T\u00dcV Rheinland Sweden AB. I delivers services that is not in competitions to T\u00dcV Rheinland Sweden AB Employments 2018- present T\u00dcV Rheinland Sweden AB Lab Manager 2011 &#8211; 2018, Rohde &amp; Schwarz (2011-2018) Senior Expert in [&hellip;]<\/p>\n","protected":false},"author":1,"featured_media":0,"parent":0,"menu_order":0,"comment_status":"closed","ping_status":"closed","template":"","meta":{"footnotes":""},"class_list":["post-25","page","type-page","status-publish","hentry"],"_links":{"self":[{"href":"https:\/\/piconsulting.se\/index.php?rest_route=\/wp\/v2\/pages\/25","targetHints":{"allow":["GET"]}}],"collection":[{"href":"https:\/\/piconsulting.se\/index.php?rest_route=\/wp\/v2\/pages"}],"about":[{"href":"https:\/\/piconsulting.se\/index.php?rest_route=\/wp\/v2\/types\/page"}],"author":[{"embeddable":true,"href":"https:\/\/piconsulting.se\/index.php?rest_route=\/wp\/v2\/users\/1"}],"replies":[{"embeddable":true,"href":"https:\/\/piconsulting.se\/index.php?rest_route=%2Fwp%2Fv2%2Fcomments&post=25"}],"version-history":[{"count":4,"href":"https:\/\/piconsulting.se\/index.php?rest_route=\/wp\/v2\/pages\/25\/revisions"}],"predecessor-version":[{"id":72,"href":"https:\/\/piconsulting.se\/index.php?rest_route=\/wp\/v2\/pages\/25\/revisions\/72"}],"wp:attachment":[{"href":"https:\/\/piconsulting.se\/index.php?rest_route=%2Fwp%2Fv2%2Fmedia&parent=25"}],"curies":[{"name":"wp","href":"https:\/\/api.w.org\/{rel}","templated":true}]}}